{"id":18,"date":"2022-11-28T20:11:58","date_gmt":"2022-11-28T19:11:58","guid":{"rendered":"https:\/\/fununiversity.pl\/?page_id=18"},"modified":"2024-10-07T21:55:07","modified_gmt":"2024-10-07T19:55:07","slug":"kontakt","status":"publish","type":"page","link":"https:\/\/fununiversity.pl\/?page_id=18","title":{"rendered":"Kontakt"},"content":{"rendered":"\n<p><strong>FUN UNIVERSITY<\/strong><\/p>\n\n\n\n<p>Rafa\u0142 Majcherczyk<strong><\/strong><\/p>\n\n\n\n<p>ul. J\u00f3zefa Korzeniowskiego 11 C<\/p>\n\n\n\n<p>43-140 L\u0119dziny<\/p>\n\n\n\n<p>NIP: 6462651551<\/p>\n\n\n\n<p>REGON: 241359740<\/p>\n\n\n\n<p>Numer konta:<\/p>\n\n\n\n<p>Alior Bank: 75 2490 0005 0000 4500 2701 2170<\/p>\n\n\n\n<p>Rafa\u0142 Majcherczyk<\/p>\n\n\n\n<p>Tel: 502279491<\/p>\n\n\n\n<p>email: <a href=\"mailto:rafal.majcherczyk@o2.pl\">rafal.majcherczyk@o2.pl<\/a><\/p>\n\n\n\n<p>Mariusz Kl\u0119czar<\/p>\n\n\n\n<p>Tel: 698653286<\/p>\n\n\n\n<p>email: <a href=\"mailto:mariusz.kleczar@o2.pl\">mariusz.kleczar@o2.pl<\/a><\/p>\n\n\n\n<p><\/p>\n\n\n\n<p><a href=\"http:\/\/www.fununiversity.pl\">www.fununiversity.pl<\/a><\/p>\n\n\n\n<p><\/p>\n","protected":false},"excerpt":{"rendered":"<p>FUN UNIVERSITY Rafa\u0142 Majcherczyk ul. J\u00f3zefa Korzeniowskiego 11 C 43-140 L\u0119dziny NIP: 6462651551 REGON: 241359740 Numer konta: Alior Bank: 75 2490 0005 0000 4500 2701 2170 Rafa\u0142 Majcherczyk Tel: 502279491 email: rafal.majcherczyk@o2.pl Mariusz Kl\u0119czar Tel: 698653286 email: mariusz.kleczar@o2.pl www.fununiversity.pl<\/p>\n","protected":false},"author":1,"featured_media":0,"parent":0,"menu_order":0,"comment_status":"closed","ping_status":"closed","template":"","meta":{"footnotes":""},"class_list":["post-18","page","type-page","status-publish","hentry"],"_links":{"self":[{"href":"https:\/\/fununiversity.pl\/index.php?rest_route=\/wp\/v2\/pages\/18","targetHints":{"allow":["GET"]}}],"collection":[{"href":"https:\/\/fununiversity.pl\/index.php?rest_route=\/wp\/v2\/pages"}],"about":[{"href":"https:\/\/fununiversity.pl\/index.php?rest_route=\/wp\/v2\/types\/page"}],"author":[{"embeddable":true,"href":"https:\/\/fununiversity.pl\/index.php?rest_route=\/wp\/v2\/users\/1"}],"replies":[{"embeddable":true,"href":"https:\/\/fununiversity.pl\/index.php?rest_route=%2Fwp%2Fv2%2Fcomments&post=18"}],"version-history":[{"count":9,"href":"https:\/\/fununiversity.pl\/index.php?rest_route=\/wp\/v2\/pages\/18\/revisions"}],"predecessor-version":[{"id":372,"href":"https:\/\/fununiversity.pl\/index.php?rest_route=\/wp\/v2\/pages\/18\/revisions\/372"}],"wp:attachment":[{"href":"https:\/\/fununiversity.pl\/index.php?rest_route=%2Fwp%2Fv2%2Fmedia&parent=18"}],"curies":[{"name":"wp","href":"https:\/\/api.w.org\/{rel}","templated":true}]}}