{"id":16,"date":"2022-11-28T20:11:58","date_gmt":"2022-11-28T19:11:58","guid":{"rendered":"https:\/\/fununiversity.pl\/?page_id=16"},"modified":"2025-12-10T12:17:12","modified_gmt":"2025-12-10T11:17:12","slug":"szkola-plywania","status":"publish","type":"page","link":"https:\/\/fununiversity.pl\/?page_id=16","title":{"rendered":"Szko\u0142a p\u0142ywania"},"content":{"rendered":"\n<p><\/p>\n\n\n\n<p>Kursy p\u0142ywania&nbsp;(zaj\u0119cia w grupach o niewielkiej liczebno\u015bci dla dzieci w r\u00f3\u017cnym wieku, m\u0142odzie\u017cy i doros\u0142ych).<\/p>\n\n\n\n<p>Zaj\u0119cia indywidualne&nbsp;(zaj\u0119cia ukierunkowane na indywidualizacj\u0119 procesu nauki i doskonalenia p\u0142ywania dla dzieci, m\u0142odzie\u017cy i doros\u0142ych).<\/p>\n\n\n\n<p>P\u0142ywanie korekcyjne&nbsp;(zaj\u0119cia maj\u0105ce na celu korekcj\u0119 wad postawy \u2013 np. skoliozy, kifozy, plecy okr\u0105g\u0142e, plecy p\u0142askie, p\u0142askostopie)<\/p>\n\n\n\n<p>Zaj\u0119cia p\u0142ywackie dla szk\u00f3\u0142 i przedszkoli&nbsp;(zaj\u0119cia przeznaczone dla przedszkoli, szk\u00f3\u0142 podstawowych i szk\u00f3\u0142 \u015brednich)<\/p>\n\n\n\n<p>Trening sportowy.<br><\/p>\n\n\n\n<p>Uczestnicy naszych zaj\u0119\u0107 to dzieci w wieku przedszkolnym, szkolnym, m\u0142odzie\u017c i osoby doros\u0142e. W celu dog\u0142\u0119bnej analizy nauczanych element\u00f3w w zakresu techniki p\u0142ywania podczas realizacji zaj\u0119\u0107 wykorzystujemy rejestracj\u0119 filmow\u0105 i fotograficzn\u0105. Ma ona na celu wykszta\u0142cenie u os\u00f3b ucz\u0105cych si\u0119 wi\u0119kszej \u015bwiadomo\u015bci wykonywanych ruch\u00f3w, a co z kolei wp\u0142ywa na szybsze ich przyswajanie i ewentualnie korygowanie pojawiaj\u0105cych si\u0119 b\u0142\u0119d\u00f3w.<\/p>\n\n\n\n<p><\/p>\n","protected":false},"excerpt":{"rendered":"<p>Kursy p\u0142ywania&nbsp;(zaj\u0119cia w grupach o niewielkiej liczebno\u015bci dla dzieci w r\u00f3\u017cnym wieku, m\u0142odzie\u017cy i doros\u0142ych). Zaj\u0119cia indywidualne&nbsp;(zaj\u0119cia ukierunkowane na indywidualizacj\u0119 procesu nauki i doskonalenia p\u0142ywania dla dzieci, m\u0142odzie\u017cy i doros\u0142ych). P\u0142ywanie korekcyjne&nbsp;(zaj\u0119cia maj\u0105ce na celu korekcj\u0119 wad postawy \u2013 np. skoliozy, kifozy, plecy okr\u0105g\u0142e, plecy p\u0142askie, p\u0142askostopie) Zaj\u0119cia p\u0142ywackie dla szk\u00f3\u0142 i przedszkoli&nbsp;(zaj\u0119cia przeznaczone dla [&hellip;]<\/p>\n","protected":false},"author":1,"featured_media":0,"parent":0,"menu_order":0,"comment_status":"closed","ping_status":"closed","template":"","meta":{"footnotes":""},"class_list":["post-16","page","type-page","status-publish","hentry"],"_links":{"self":[{"href":"https:\/\/fununiversity.pl\/index.php?rest_route=\/wp\/v2\/pages\/16","targetHints":{"allow":["GET"]}}],"collection":[{"href":"https:\/\/fununiversity.pl\/index.php?rest_route=\/wp\/v2\/pages"}],"about":[{"href":"https:\/\/fununiversity.pl\/index.php?rest_route=\/wp\/v2\/types\/page"}],"author":[{"embeddable":true,"href":"https:\/\/fununiversity.pl\/index.php?rest_route=\/wp\/v2\/users\/1"}],"replies":[{"embeddable":true,"href":"https:\/\/fununiversity.pl\/index.php?rest_route=%2Fwp%2Fv2%2Fcomments&post=16"}],"version-history":[{"count":41,"href":"https:\/\/fununiversity.pl\/index.php?rest_route=\/wp\/v2\/pages\/16\/revisions"}],"predecessor-version":[{"id":575,"href":"https:\/\/fununiversity.pl\/index.php?rest_route=\/wp\/v2\/pages\/16\/revisions\/575"}],"wp:attachment":[{"href":"https:\/\/fununiversity.pl\/index.php?rest_route=%2Fwp%2Fv2%2Fmedia&parent=16"}],"curies":[{"name":"wp","href":"https:\/\/api.w.org\/{rel}","templated":true}]}}